{"id":81,"date":"2019-08-12T21:48:15","date_gmt":"2019-08-13T00:48:15","guid":{"rendered":"http:\/\/milleniam.com.ar\/productora\/one-page-express\/"},"modified":"2021-06-08T19:57:25","modified_gmt":"2021-06-08T22:57:25","slug":"one-page-express","status":"publish","type":"page","link":"http:\/\/milleniam.com.ar\/productora\/","title":{"rendered":"Front Page"},"content":{"rendered":"<div id=\"about-1\" class=\"about-big-images-section\" style=\"background-color: #f6f6f6;\" data-label=\"About\" data-id=\"about-big-images-section\" data-category=\"about\">\n<div class=\"gridContainer\">\n<div class=\"about-big-images-textrow\">\n<div class=\"about-big-images-textcol dynamic-color\" data-type=\"column\">\n<h3 class=\"\">PRODUCCI\u00d3N INTEGRAL DE VIDEOCONTENIDO. Traenos <span class=\"span25\">tu idea<\/span> nosotros la realizamos.<\/h3>\n<\/div>\n<\/div>\n<\/div>\n<div class=\"about-big-images-bottomrow\">\n<div class=\"about-big-images-leftimgcol\"><img decoding=\"async\" class=\"about-big-images-leftimg\" src=\"http:\/\/milleniam.com.ar\/productora\/wp-content\/uploads\/2019\/08\/03.jpg\" \/><\/div>\n<div class=\"about-big-images-centerimgcol\"><img decoding=\"async\" class=\"about-big-images-centerimg\" src=\"http:\/\/milleniam.com.ar\/productora\/wp-content\/uploads\/2019\/08\/02.jpg\" \/><\/div>\n<div class=\"about-big-images-rightimgcol\"><img decoding=\"async\" class=\"about-big-images-rightimg\" src=\"http:\/\/milleniam.com.ar\/productora\/wp-content\/uploads\/2019\/08\/01.jpg\" \/><\/div>\n<\/div>\n<\/div>\n<div id=\"latest-posts\" class=\"blog-section\" style=\"background-color: #ffffff;\" data-label=\"Latest posts\" data-id=\"blog-section\" data-category=\"latest_news\">\n<div class=\"gridContainer\">\n<div class=\"blog-textrow\">\n<div class=\"blog-textcol dynamic-color\" data-type=\"column\">\n<h2 class=\"\">Novedades<\/h2>\n<\/div>\n<\/div>\n<div class=\"blog-postsrow dark-text\" data-type=\"row\" data-dynamic-columns=\"one_page_express_latest_news_columns\" data-content-shortcode=\"one_page_express_latest_news\">\t\t\t<div id=\"post-598\" class=\"blog-postcol cp4cols\">\n\t\t\t<div class=\"post-content\">\n\t\t\t\t\t\t\t\t<div class=\"row_345\">\n\t\t\t\t\t<h3 class=\"blog-title\">\n\t\t\t\t\t\t<a href=\"http:\/\/milleniam.com.ar\/productora\/598-2\/\" rel=\"bookmark\">\n\t\t\t\t\t\t\t\t\t\t\t\t\t<\/a>\n\t\t\t\t\t<\/h3>\n\t\t\t\t\t<p>VIDEO CLIP DE JAVIER MARX DJ<\/p>\n\t\t\t\t\t<a class=\"button blue small\" href=\"http:\/\/milleniam.com.ar\/productora\/598-2\/\">\n\t\t\t\t\t\t<span data-theme=\"one_page_express_latest_news_read_more\">Read more<\/span>\n\t\t\t\t\t<\/a>\n\t\t\t\t\t<hr class=\"blog-separator\">\n<div class=\"post-header\">\n    <i class=\"font-icon-post fa fa-user\"><\/i>\n    <a href=\"http:\/\/milleniam.com.ar\/productora\/author\/gustavo\/\" title=\"Entradas de Milleniam Productora\" rel=\"author\">Milleniam Productora<\/a>    <i class=\"font-icon-post fa fa-calendar\"><\/i>\n    <span class=\"span12\">8 junio, 2021<\/span>\n\n    <i class=\"font-icon-post fa fa-comment-o\"><\/i>\n    <span>0<\/span>\n<\/div>\t\t\t\t<\/div>\n\t\t\t<\/div>\n\t\t<\/div>\n\t\t\t\t<div id=\"post-581\" class=\"blog-postcol cp4cols\">\n\t\t\t<div class=\"post-content\">\n\t\t\t\t\t\t\t\t<div class=\"row_345\">\n\t\t\t\t\t<h3 class=\"blog-title\">\n\t\t\t\t\t\t<a href=\"http:\/\/milleniam.com.ar\/productora\/ficcion-film-fest-barcelona-seleccion-oficial-2020\/\" rel=\"bookmark\">\n\t\t\t\t\t\t\tFICCION FILM. FEST (BARCELONA) SELECCION OFICIAL 2020 \u00abEL VIAJERO\u00bb\t\t\t\t\t\t<\/a>\n\t\t\t\t\t<\/h3>\n\t\t\t\t\t\t\t\t\t\t<a class=\"button blue small\" href=\"http:\/\/milleniam.com.ar\/productora\/ficcion-film-fest-barcelona-seleccion-oficial-2020\/\">\n\t\t\t\t\t\t<span data-theme=\"one_page_express_latest_news_read_more\">Read more<\/span>\n\t\t\t\t\t<\/a>\n\t\t\t\t\t<hr class=\"blog-separator\">\n<div class=\"post-header\">\n    <i class=\"font-icon-post fa fa-user\"><\/i>\n    <a href=\"http:\/\/milleniam.com.ar\/productora\/author\/gustavo\/\" title=\"Entradas de Milleniam Productora\" rel=\"author\">Milleniam Productora<\/a>    <i class=\"font-icon-post fa fa-calendar\"><\/i>\n    <span class=\"span12\">1 julio, 2020<\/span>\n\n    <i class=\"font-icon-post fa fa-comment-o\"><\/i>\n    <span>0<\/span>\n<\/div>\t\t\t\t<\/div>\n\t\t\t<\/div>\n\t\t<\/div>\n\t\t\t\t<div id=\"post-576\" class=\"blog-postcol cp4cols\">\n\t\t\t<div class=\"post-content\">\n\t\t\t\t\t\t\t\t<div class=\"row_345\">\n\t\t\t\t\t<h3 class=\"blog-title\">\n\t\t\t\t\t\t<a href=\"http:\/\/milleniam.com.ar\/productora\/cosmo-film-fest-india-finalista-marzo-2020\/\" rel=\"bookmark\">\n\t\t\t\t\t\t\tCOSMO FILM. FEST (INDIA) \u00abEL VIAJERO\u00bb FINALISTA MARZO 2020\t\t\t\t\t\t<\/a>\n\t\t\t\t\t<\/h3>\n\t\t\t\t\t\t\t\t\t\t<a class=\"button blue small\" href=\"http:\/\/milleniam.com.ar\/productora\/cosmo-film-fest-india-finalista-marzo-2020\/\">\n\t\t\t\t\t\t<span data-theme=\"one_page_express_latest_news_read_more\">Read more<\/span>\n\t\t\t\t\t<\/a>\n\t\t\t\t\t<hr class=\"blog-separator\">\n<div class=\"post-header\">\n    <i class=\"font-icon-post fa fa-user\"><\/i>\n    <a href=\"http:\/\/milleniam.com.ar\/productora\/author\/gustavo\/\" title=\"Entradas de Milleniam Productora\" rel=\"author\">Milleniam Productora<\/a>    <i class=\"font-icon-post fa fa-calendar\"><\/i>\n    <span class=\"span12\">1 julio, 2020<\/span>\n\n    <i class=\"font-icon-post fa fa-comment-o\"><\/i>\n    <span>0<\/span>\n<\/div>\t\t\t\t<\/div>\n\t\t\t<\/div>\n\t\t<\/div>\n\t\t\t\t<div id=\"post-572\" class=\"blog-postcol cp4cols\">\n\t\t\t<div class=\"post-content\">\n\t\t\t\t\t\t\t\t<div class=\"row_345\">\n\t\t\t\t\t<h3 class=\"blog-title\">\n\t\t\t\t\t\t<a href=\"http:\/\/milleniam.com.ar\/productora\/fest-tepoztlan-mexico-mejor-corto-latino-americano-2020\/\" rel=\"bookmark\">\n\t\t\t\t\t\t\tFEST.  TEPOZTLAN (Mexico)  MEJOR CORTO LATINO AMERICANO 2020: \u00abEL VIAJERO\u00bb\t\t\t\t\t\t<\/a>\n\t\t\t\t\t<\/h3>\n\t\t\t\t\t\t\t\t\t\t<a class=\"button blue small\" href=\"http:\/\/milleniam.com.ar\/productora\/fest-tepoztlan-mexico-mejor-corto-latino-americano-2020\/\">\n\t\t\t\t\t\t<span data-theme=\"one_page_express_latest_news_read_more\">Read more<\/span>\n\t\t\t\t\t<\/a>\n\t\t\t\t\t<hr class=\"blog-separator\">\n<div class=\"post-header\">\n    <i class=\"font-icon-post fa fa-user\"><\/i>\n    <a href=\"http:\/\/milleniam.com.ar\/productora\/author\/gustavo\/\" title=\"Entradas de Milleniam Productora\" rel=\"author\">Milleniam Productora<\/a>    <i class=\"font-icon-post fa fa-calendar\"><\/i>\n    <span class=\"span12\">1 julio, 2020<\/span>\n\n    <i class=\"font-icon-post fa fa-comment-o\"><\/i>\n    <span>0<\/span>\n<\/div>\t\t\t\t<\/div>\n\t\t\t<\/div>\n\t\t<\/div>\n\t\t\t\t<div id=\"post-297\" class=\"blog-postcol cp4cols\">\n\t\t\t<div class=\"post-content\">\n\t\t\t\t\t\t\t\t\t<a class=\"post-list-item-thumb\" href=\"http:\/\/milleniam.com.ar\/productora\/video-institucional-conglomerado-textil\/\">\n\t\t\t\t\t\t<img fetchpriority=\"high\" decoding=\"async\" width=\"1024\" height=\"576\" src=\"http:\/\/milleniam.com.ar\/productora\/wp-content\/uploads\/2019\/10\/EL-VIAJERO-3--1024x576.jpg\" class=\"attachment-post-thumbnail size-post-thumbnail wp-post-image\" alt=\"\" srcset=\"http:\/\/milleniam.com.ar\/productora\/wp-content\/uploads\/2019\/10\/EL-VIAJERO-3--1024x576.jpg 1024w, http:\/\/milleniam.com.ar\/productora\/wp-content\/uploads\/2019\/10\/EL-VIAJERO-3--300x169.jpg 300w, http:\/\/milleniam.com.ar\/productora\/wp-content\/uploads\/2019\/10\/EL-VIAJERO-3--768x432.jpg 768w, http:\/\/milleniam.com.ar\/productora\/wp-content\/uploads\/2019\/10\/EL-VIAJERO-3-.jpg 1920w\" sizes=\"(max-width: 1024px) 100vw, 1024px\" \/>\t\t\t\t\t<\/a>\n\t\t\t\t\t\t\t\t<div class=\"row_345\">\n\t\t\t\t\t<h3 class=\"blog-title\">\n\t\t\t\t\t\t<a href=\"http:\/\/milleniam.com.ar\/productora\/video-institucional-conglomerado-textil\/\" rel=\"bookmark\">\n\t\t\t\t\t\t\tvideo institucional conglomerado textil\t\t\t\t\t\t<\/a>\n\t\t\t\t\t<\/h3>\n\t\t\t\t\t\t\t\t\t\t<a class=\"button blue small\" href=\"http:\/\/milleniam.com.ar\/productora\/video-institucional-conglomerado-textil\/\">\n\t\t\t\t\t\t<span data-theme=\"one_page_express_latest_news_read_more\">Read more<\/span>\n\t\t\t\t\t<\/a>\n\t\t\t\t\t<hr class=\"blog-separator\">\n<div class=\"post-header\">\n    <i class=\"font-icon-post fa fa-user\"><\/i>\n    <a href=\"http:\/\/milleniam.com.ar\/productora\/author\/gustavo\/\" title=\"Entradas de Milleniam Productora\" rel=\"author\">Milleniam Productora<\/a>    <i class=\"font-icon-post fa fa-calendar\"><\/i>\n    <span class=\"span12\">2 febrero, 2020<\/span>\n\n    <i class=\"font-icon-post fa fa-comment-o\"><\/i>\n    <span>0<\/span>\n<\/div>\t\t\t\t<\/div>\n\t\t\t<\/div>\n\t\t<\/div>\n\t\t\t\t<div id=\"post-589\" class=\"blog-postcol cp4cols\">\n\t\t\t<div class=\"post-content\">\n\t\t\t\t\t\t\t\t<div class=\"row_345\">\n\t\t\t\t\t<h3 class=\"blog-title\">\n\t\t\t\t\t\t<a href=\"http:\/\/milleniam.com.ar\/productora\/americas-film-fest-acoso-seleccion-oficial-2020\/\" rel=\"bookmark\">\n\t\t\t\t\t\t\tAMERICAS FILM. FEST ACOSO SELECCION     OFICIAL 2020\t\t\t\t\t\t<\/a>\n\t\t\t\t\t<\/h3>\n\t\t\t\t\t\t\t\t\t\t<a class=\"button blue small\" href=\"http:\/\/milleniam.com.ar\/productora\/americas-film-fest-acoso-seleccion-oficial-2020\/\">\n\t\t\t\t\t\t<span data-theme=\"one_page_express_latest_news_read_more\">Read more<\/span>\n\t\t\t\t\t<\/a>\n\t\t\t\t\t<hr class=\"blog-separator\">\n<div class=\"post-header\">\n    <i class=\"font-icon-post fa fa-user\"><\/i>\n    <a href=\"http:\/\/milleniam.com.ar\/productora\/author\/gustavo\/\" title=\"Entradas de Milleniam Productora\" rel=\"author\">Milleniam Productora<\/a>    <i class=\"font-icon-post fa fa-calendar\"><\/i>\n    <span class=\"span12\">1 julio, 2020<\/span>\n\n    <i class=\"font-icon-post fa fa-comment-o\"><\/i>\n    <span>0<\/span>\n<\/div>\t\t\t\t<\/div>\n\t\t\t<\/div>\n\t\t<\/div>\n\t\t<\/div>\n<div class=\"blog-textcol\"><a class=\"button blue\" href=\"http:\/\/milleniam.com.ar\/productora\/blog\/\" data-attr-shortcode=\"href:one_page_express_blog_link\">VER MAS TRABAJOS<\/a><\/div>\n<\/div>\n<\/div>\n<div id=\"overlapable-2\" class=\"features-coloured-icon-boxes-section stripped-coloured-icon-boxes\" style=\"background-color: #ffffff;\" data-label=\"Overlapable\" data-id=\"stripped-coloured-icon-boxes\" data-category=\"overlapable\" data-overlap=\"true\">\n<div class=\"gridContainer\">\n<div class=\"features-coloured-icon-boxes-innerrow flexbox-list dark-text\" data-type=\"row\">\n<div class=\"features-coloured-icon-boxes-featurecol cp3cols\">\n<div class=\"spacer\" data-type=\"group\"><\/div>\n<div class=\"spacer\" data-type=\"group\"><\/div>\n<h4 class=\"\">Cortos<\/h4>\n<p class=\"\"><a class=\"features-coloured-button\" href=\"http:\/\/milleniam.com.ar\/productora\/category\/cine\" target=\"_self\" rel=\"noopener noreferrer\">ver m\u00e1s<\/a><\/p>\n\n<\/div>\n<div class=\"features-coloured-icon-boxes-featurecol cp3cols\">\n<div class=\"spacer\" data-type=\"group\"><\/div>\n<div class=\"spacer\" data-type=\"group\"><\/div>\n<h4 class=\"\">Videoclips<\/h4>\n<p class=\"\"><a class=\"features-coloured-button\" href=\"http:\/\/milleniam.com.ar\/productora\/category\/videoclip\" target=\"_self\" rel=\"noopener noreferrer\">ver m\u00e1s<\/a><\/p>\n\n<\/div>\n<div class=\"features-coloured-icon-boxes-featurecol cp3cols\">\n<div class=\"spacer\" data-type=\"group\"><\/div>\n<div class=\"spacer\" data-type=\"group\"><\/div>\n<h4 class=\"\">Videos publicitarios<\/h4>\n<p class=\"\"><a class=\"features-coloured-button\" href=\"http:\/\/milleniam.com.ar\/productora\/category\/instagram\" target=\"_self\" rel=\"noopener noreferrer\">ver m\u00e1s<\/a><\/p>\n\n<\/div>\n<div class=\"features-coloured-icon-boxes-featurecol cp3cols\">\n<div class=\"spacer\" data-type=\"group\"><\/div>\n<div class=\"spacer\" data-type=\"group\"><\/div>\n<h4 class=\"\">Producci\u00f3n Fotogr\u00e1fica<\/h4>\n<p class=\"\"><a class=\"features-coloured-button\" href=\"http:\/\/milleniam.com.ar\/productora\/category\/moda\" target=\"_self\" rel=\"noopener noreferrer\">ver m\u00e1s<\/a><\/p>\n\n<\/div>\n<div class=\"features-coloured-icon-boxes-featurecol cp3cols\">\n<div class=\"spacer\" data-type=\"group\"><\/div>\n<div class=\"spacer\" data-type=\"group\"><\/div>\n<h4 class=\"\">Videos Institucionales<\/h4>\n<p class=\"\"><a class=\"features-coloured-button\" href=\"http:\/\/milleniam.com.ar\/productora\/category\/videos-institucionales-y-corporativos\" rel=\"noopener noreferrer\">ver m\u00e1s<\/a><\/p>\n\n<\/div>\n<div class=\"features-coloured-icon-boxes-featurecol cp3cols\">\n<div class=\"spacer\" data-type=\"group\"><\/div>\n<div class=\"spacer\" data-type=\"group\"><\/div>\n<h4 class=\"\">Sociales<\/h4>\n<p class=\"\"><a class=\"features-coloured-button\" href=\"http:\/\/milleniam.com.ar\/productora\/category\/sociales\" target=\"_self\" rel=\"noopener noreferrer\">ver m\u00e1s<\/a><\/p>\n\n<\/div>\n<\/div>\n<\/div>\n<\/div>\n<div id=\"contact-4\" class=\"contact-section-formsection white-text\" data-label=\"Contact\" data-id=\"contact-section\" data-category=\"contact\" data-bg=\"transparent\">\n<div class=\"gridContainer\">\n<div class=\"row_224\">\n<div class=\"contact-textrow\">\n<div class=\"contact-textcol dynamic-color\">\n<h2 class=\"\">Contacto<\/h2>\n<p class=\"white_text\">Pod\u00e9s contactarnos a trav\u00e9s de nuestro email: <a href=\"mailto:productora@milleniam.com.ar\">productora@milleniam.com.ar<\/a><\/p>\n<strong>Gustavo Duc<\/strong> <a class=\"\" href=\"https:\/\/web.whatsapp.com\/send?phone=542234213752\" target=\"_blank\" rel=\"noopener noreferrer\">223 421 3752<\/a>\n\n<\/div>\n<\/div>\n<\/div>\n<div class=\"contact-formcol\" data-content-shortcode=\"one_page_express_contact_form shortcode=&quot;contact-form-7 id=&amp;amp;quot;100&amp;amp;quot; title=&amp;amp;quot;Form_milleniam&amp;amp;quot;&quot;\" data-editable=\"true\">\n<div class=\"wpcf7 no-js\" id=\"wpcf7-f100-o1\" lang=\"es-ES\" dir=\"ltr\" data-wpcf7-id=\"100\">\n<div class=\"screen-reader-response\"><p role=\"status\" aria-live=\"polite\" aria-atomic=\"true\"><\/p> <ul><\/ul><\/div>\n<form action=\"\/productora\/wp-json\/wp\/v2\/pages\/81#wpcf7-f100-o1\" method=\"post\" class=\"wpcf7-form init\" aria-label=\"Formulario de contacto\" novalidate=\"novalidate\" data-status=\"init\">\n<fieldset class=\"hidden-fields-container\"><input type=\"hidden\" name=\"_wpcf7\" value=\"100\" \/><input type=\"hidden\" name=\"_wpcf7_version\" value=\"6.1.5\" \/><input type=\"hidden\" name=\"_wpcf7_locale\" value=\"es_ES\" \/><input type=\"hidden\" name=\"_wpcf7_unit_tag\" value=\"wpcf7-f100-o1\" \/><input type=\"hidden\" name=\"_wpcf7_container_post\" value=\"0\" \/><input type=\"hidden\" name=\"_wpcf7_posted_data_hash\" value=\"\" \/>\n<\/fieldset>\n<p><label> Tu nombre (requerido)<br \/>\n<span class=\"wpcf7-form-control-wrap\" data-name=\"your-name\"><input size=\"40\" maxlength=\"400\" class=\"wpcf7-form-control wpcf7-text wpcf7-validates-as-required\" aria-required=\"true\" aria-invalid=\"false\" value=\"\" type=\"text\" name=\"your-name\" \/><\/span> <\/label>\n<\/p>\n<p><label> Tu correo electr\u00f3nico (requerido)<br \/>\n<span class=\"wpcf7-form-control-wrap\" data-name=\"your-email\"><input size=\"40\" maxlength=\"400\" class=\"wpcf7-form-control wpcf7-email wpcf7-validates-as-required wpcf7-text wpcf7-validates-as-email\" aria-required=\"true\" aria-invalid=\"false\" value=\"\" type=\"email\" name=\"your-email\" \/><\/span> <\/label>\n<\/p>\n<p><label> Asunto<br \/>\n<span class=\"wpcf7-form-control-wrap\" data-name=\"your-subject\"><input size=\"40\" maxlength=\"400\" class=\"wpcf7-form-control wpcf7-text\" aria-invalid=\"false\" value=\"\" type=\"text\" name=\"your-subject\" \/><\/span> <\/label>\n<\/p>\n<p><label> Tu mensaje<br \/>\n<span class=\"wpcf7-form-control-wrap\" data-name=\"your-message\"><textarea cols=\"40\" rows=\"10\" maxlength=\"2000\" class=\"wpcf7-form-control wpcf7-textarea\" aria-invalid=\"false\" name=\"your-message\"><\/textarea><\/span> <\/label>\n<\/p>\n<p><input class=\"wpcf7-form-control wpcf7-submit has-spinner\" type=\"submit\" value=\"Enviar\" \/>\n<\/p><div class=\"wpcf7-response-output\" aria-hidden=\"true\"><\/div>\n<\/form>\n<\/div>\n<\/div>\n<\/div>\n<\/div>","protected":false},"excerpt":{"rendered":"<p>PRODUCCI\u00d3N INTEGRAL DE VIDEOCONTENIDO. Traenos tu idea nosotros la realizamos. Novedades VER MAS TRABAJOS Cortos ver m\u00e1s Videoclips ver m\u00e1s Videos publicitarios ver m\u00e1s Producci\u00f3n Fotogr\u00e1fica ver m\u00e1s Videos Institucionales ver m\u00e1s Sociales ver m\u00e1s Contacto Pod\u00e9s contactarnos a trav\u00e9s de nuestro email: productora@milleniam.com.ar Gustavo Duc 223 421 3752<\/p>\n","protected":false},"author":2,"featured_media":0,"parent":0,"menu_order":0,"comment_status":"closed","ping_status":"closed","template":"","meta":{"footnotes":""},"class_list":["post-81","page","type-page","status-publish","hentry"],"_links":{"self":[{"href":"http:\/\/milleniam.com.ar\/productora\/wp-json\/wp\/v2\/pages\/81","targetHints":{"allow":["GET"]}}],"collection":[{"href":"http:\/\/milleniam.com.ar\/productora\/wp-json\/wp\/v2\/pages"}],"about":[{"href":"http:\/\/milleniam.com.ar\/productora\/wp-json\/wp\/v2\/types\/page"}],"author":[{"embeddable":true,"href":"http:\/\/milleniam.com.ar\/productora\/wp-json\/wp\/v2\/users\/2"}],"replies":[{"embeddable":true,"href":"http:\/\/milleniam.com.ar\/productora\/wp-json\/wp\/v2\/comments?post=81"}],"version-history":[{"count":32,"href":"http:\/\/milleniam.com.ar\/productora\/wp-json\/wp\/v2\/pages\/81\/revisions"}],"predecessor-version":[{"id":595,"href":"http:\/\/milleniam.com.ar\/productora\/wp-json\/wp\/v2\/pages\/81\/revisions\/595"}],"wp:attachment":[{"href":"http:\/\/milleniam.com.ar\/productora\/wp-json\/wp\/v2\/media?parent=81"}],"curies":[{"name":"wp","href":"https:\/\/api.w.org\/{rel}","templated":true}]}}