{"id":22,"date":"2019-07-29T03:27:57","date_gmt":"2019-07-29T03:27:57","guid":{"rendered":"http:\/\/milleniam.com.ar\/productora\/?page_id=22"},"modified":"2020-02-01T16:42:14","modified_gmt":"2020-02-01T19:42:14","slug":"quienes-somos","status":"publish","type":"page","link":"http:\/\/milleniam.com.ar\/productora\/quienes-somos\/","title":{"rendered":"Quienes somos"},"content":{"rendered":"\n<h2 class=\"wp-block-heading\">Somos profesionales apasionados con la imagen.<\/h2>\n\n\n\n<h2 class=\"wp-block-heading\"> <strong>Creamos contenidos con un estilo cinematogr\u00e1fico. Contamos con actores, m\u00fasicos, fot\u00f3grafos, locutores, etc. para cualquier tipo de proyecto. <\/strong>  <\/h2>\n\n\n\n<p><\/p>\n\n\n\n<p style=\"text-align:center\"><img decoding=\"async\" width=\"150\" height=\"150\" class=\"wp-image-117\" style=\"width: 150px;\" src=\"http:\/\/milleniam.com.ar\/productora\/wp-content\/uploads\/2019\/08\/Strada_Julian.png\" alt=\"\" srcset=\"http:\/\/milleniam.com.ar\/productora\/wp-content\/uploads\/2019\/08\/Strada_Julian.png 300w, http:\/\/milleniam.com.ar\/productora\/wp-content\/uploads\/2019\/08\/Strada_Julian-150x150.png 150w\" sizes=\"(max-width: 150px) 100vw, 150px\" \/><strong><br><a href=\"https:\/\/www.facebook.com\/JuL.rojo\"> Juli\u00e1n Strada<\/a><\/strong> C\u00e1mara, Fotograf\u00eda, Montaje &amp; postproducci\u00f3n. <\/p>\n\n\n\n<p style=\"text-align:center\"><img decoding=\"async\" width=\"150\" height=\"150\" class=\"wp-image-115\" style=\"width: 150px;\" src=\"http:\/\/milleniam.com.ar\/productora\/wp-content\/uploads\/2019\/08\/Duc_Gustavo.png\" alt=\"\" srcset=\"http:\/\/milleniam.com.ar\/productora\/wp-content\/uploads\/2019\/08\/Duc_Gustavo.png 300w, http:\/\/milleniam.com.ar\/productora\/wp-content\/uploads\/2019\/08\/Duc_Gustavo-150x150.png 150w\" sizes=\"(max-width: 150px) 100vw, 150px\" \/><strong><br> Gustavo Duc: <\/strong>Producci\u00f3n integral de moda, Direcci\u00f3n, Gui\u00f3n &amp; Producci\u00f3n. <\/p>\n\n\n\n<div class=\"wp-block-image\"><figure class=\"aligncenter\"><img fetchpriority=\"high\" decoding=\"async\" width=\"1024\" height=\"576\" src=\"http:\/\/milleniam.com.ar\/productora\/wp-content\/uploads\/2019\/08\/logotipo_id07-1024x576.png\" alt=\"\" class=\"wp-image-50\" srcset=\"http:\/\/milleniam.com.ar\/productora\/wp-content\/uploads\/2019\/08\/logotipo_id07-1024x576.png 1024w, http:\/\/milleniam.com.ar\/productora\/wp-content\/uploads\/2019\/08\/logotipo_id07-300x169.png 300w, http:\/\/milleniam.com.ar\/productora\/wp-content\/uploads\/2019\/08\/logotipo_id07-768x432.png 768w, http:\/\/milleniam.com.ar\/productora\/wp-content\/uploads\/2019\/08\/logotipo_id07.png 1280w\" sizes=\"(max-width: 1024px) 100vw, 1024px\" \/><\/figure><\/div>\n","protected":false},"excerpt":{"rendered":"<p>Somos profesionales apasionados con la imagen. Creamos contenidos con un estilo cinematogr\u00e1fico. Contamos con actores, m\u00fasicos, fot\u00f3grafos, locutores, etc. para cualquier tipo de proyecto. Juli\u00e1n Strada C\u00e1mara, Fotograf\u00eda, Montaje &amp; postproducci\u00f3n. Gustavo Duc: Producci\u00f3n integral de moda, Direcci\u00f3n, Gui\u00f3n &amp; Producci\u00f3n.<\/p>\n","protected":false},"author":2,"featured_media":0,"parent":0,"menu_order":0,"comment_status":"closed","ping_status":"closed","template":"","meta":{"footnotes":""},"class_list":["post-22","page","type-page","status-publish","hentry"],"_links":{"self":[{"href":"http:\/\/milleniam.com.ar\/productora\/wp-json\/wp\/v2\/pages\/22","targetHints":{"allow":["GET"]}}],"collection":[{"href":"http:\/\/milleniam.com.ar\/productora\/wp-json\/wp\/v2\/pages"}],"about":[{"href":"http:\/\/milleniam.com.ar\/productora\/wp-json\/wp\/v2\/types\/page"}],"author":[{"embeddable":true,"href":"http:\/\/milleniam.com.ar\/productora\/wp-json\/wp\/v2\/users\/2"}],"replies":[{"embeddable":true,"href":"http:\/\/milleniam.com.ar\/productora\/wp-json\/wp\/v2\/comments?post=22"}],"version-history":[{"count":12,"href":"http:\/\/milleniam.com.ar\/productora\/wp-json\/wp\/v2\/pages\/22\/revisions"}],"predecessor-version":[{"id":287,"href":"http:\/\/milleniam.com.ar\/productora\/wp-json\/wp\/v2\/pages\/22\/revisions\/287"}],"wp:attachment":[{"href":"http:\/\/milleniam.com.ar\/productora\/wp-json\/wp\/v2\/media?parent=22"}],"curies":[{"name":"wp","href":"https:\/\/api.w.org\/{rel}","templated":true}]}}