{"id":2,"date":"2013-11-06T11:55:36","date_gmt":"2013-11-06T11:55:36","guid":{"rendered":"http:\/\/milleniam.com.ar\/productora\/?page_id=2"},"modified":"2019-08-29T18:22:13","modified_gmt":"2019-08-29T21:22:13","slug":"que-hacemos-milleniam","status":"publish","type":"page","link":"http:\/\/milleniam.com.ar\/productora\/que-hacemos-milleniam\/","title":{"rendered":"Que hacemos"},"content":{"rendered":"<h2 style=\"text-align: center;\"><strong>VIDEO<\/strong><\/h2>\n<ul style=\"text-align: center;\">\n<li><a href=\"http:\/\/milleniam.com.ar\/productora\/category\/videoclip\/\">Videoclips musicales<\/a><\/li>\n<li>Video Sociales<\/li>\n<li>Videos institucionales<\/li>\n<li>Spots publicitarios<\/li>\n<li>Video contenido para redes sociales<\/li>\n<li>Video y Fotograf\u00eda con Drone<\/li>\n<li>Video para conferencia de eventos<\/li>\n<li>pre-producci\u00f3n<\/li>\n<li>producci\u00f3n<\/li>\n<li>post-producci\u00f3n<\/li>\n<li>Ilustraci\u00f3n\/Animaci\u00f3n\/Casting\/Edici\u00f3n<\/li>\n<li>Elaboraci\u00f3n y adaptaci\u00f3n de guiones<\/li>\n<\/ul>\n<h2 style=\"text-align: center;\"><strong>FOTOGRAFIA<\/strong><\/h2>\n<ul>\n<li style=\"text-align: center;\">Book de fotos (Ni\u00f1os, bebes y modelos)<\/li>\n<li style=\"text-align: center;\">Producci\u00f3n fotogr\u00e1fica de moda<\/li>\n<\/ul>\n\n\n<center><iframe src=\"https:\/\/www.youtube.com\/embed\/Tv8X2bCV4SA\" allow=\"accelerometer; autoplay; encrypted-media; gyroscope; picture-in-picture\" allowfullscreen=\"\" width=\"560\" height=\"315\" frameborder=\"0\"><\/iframe><\/center>\n","protected":false},"excerpt":{"rendered":"<p>VIDEO Videoclips musicales Video Sociales Videos institucionales Spots publicitarios Video contenido para redes sociales Video y Fotograf\u00eda con Drone Video para conferencia de eventos pre-producci\u00f3n producci\u00f3n post-producci\u00f3n Ilustraci\u00f3n\/Animaci\u00f3n\/Casting\/Edici\u00f3n Elaboraci\u00f3n y adaptaci\u00f3n de guiones FOTOGRAFIA Book de fotos (Ni\u00f1os, bebes y modelos) Producci\u00f3n fotogr\u00e1fica de moda<\/p>\n","protected":false},"author":2,"featured_media":0,"parent":0,"menu_order":0,"comment_status":"closed","ping_status":"open","template":"","meta":{"footnotes":""},"class_list":["post-2","page","type-page","status-publish","hentry"],"_links":{"self":[{"href":"http:\/\/milleniam.com.ar\/productora\/wp-json\/wp\/v2\/pages\/2","targetHints":{"allow":["GET"]}}],"collection":[{"href":"http:\/\/milleniam.com.ar\/productora\/wp-json\/wp\/v2\/pages"}],"about":[{"href":"http:\/\/milleniam.com.ar\/productora\/wp-json\/wp\/v2\/types\/page"}],"author":[{"embeddable":true,"href":"http:\/\/milleniam.com.ar\/productora\/wp-json\/wp\/v2\/users\/2"}],"replies":[{"embeddable":true,"href":"http:\/\/milleniam.com.ar\/productora\/wp-json\/wp\/v2\/comments?post=2"}],"version-history":[{"count":8,"href":"http:\/\/milleniam.com.ar\/productora\/wp-json\/wp\/v2\/pages\/2\/revisions"}],"predecessor-version":[{"id":160,"href":"http:\/\/milleniam.com.ar\/productora\/wp-json\/wp\/v2\/pages\/2\/revisions\/160"}],"wp:attachment":[{"href":"http:\/\/milleniam.com.ar\/productora\/wp-json\/wp\/v2\/media?parent=2"}],"curies":[{"name":"wp","href":"https:\/\/api.w.org\/{rel}","templated":true}]}}